{"id":430,"date":"2021-11-11T10:14:07","date_gmt":"2021-11-11T10:14:07","guid":{"rendered":"https:\/\/casaagroturkey.com\/?page_id=430"},"modified":"2025-11-06T13:38:58","modified_gmt":"2025-11-06T13:38:58","slug":"hakkimizda","status":"publish","type":"page","link":"https:\/\/casaagroturkey.com\/?page_id=430","title":{"rendered":"Hakk\u0131m\u0131zda"},"content":{"rendered":"\t\t<div data-elementor-type=\"wp-page\" data-elementor-id=\"430\" class=\"elementor elementor-430\">\n\t\t\t\t\t\t\t\t\t<section class=\"elementor-section elementor-top-section elementor-element elementor-element-673812b elementor-section-boxed elementor-section-height-default elementor-section-height-default\" data-id=\"673812b\" data-element_type=\"section\">\n\t\t\t\t\t\t<div class=\"elementor-container elementor-column-gap-extended\">\n\t\t\t\t\t<div class=\"elementor-column elementor-col-50 elementor-top-column elementor-element elementor-element-82e46f8\" data-id=\"82e46f8\" data-element_type=\"column\">\n\t\t\t<div class=\"elementor-widget-wrap elementor-element-populated\">\n\t\t\t\t\t\t\t\t<div class=\"elementor-element elementor-element-945d645 elementor-widget elementor-widget-tw-about-image\" data-id=\"945d645\" data-element_type=\"widget\" data-widget_type=\"tw-about-image.default\">\n\t\t\t\t<div class=\"elementor-widget-container\">\n\t\t\t        <div class=\"abThumb move_anim text-center\">\r\n                                        <img decoding=\"async\" src=\"https:\/\/casaagroturkey.com\/wp-content\/uploads\/2025\/08\/macana_yeni.jpg\" alt=\"Front Image\">\r\n                    <\/div>\r\n        \t\t<\/div>\n\t\t\t\t<\/div>\n\t\t\t\t\t<\/div>\n\t\t<\/div>\n\t\t\t\t<div class=\"elementor-column elementor-col-50 elementor-top-column elementor-element elementor-element-11cdc3e\" data-id=\"11cdc3e\" data-element_type=\"column\">\n\t\t\t<div class=\"elementor-widget-wrap elementor-element-populated\">\n\t\t\t\t\t\t\t\t<div class=\"elementor-element elementor-element-62fc087 orga_t_align elementor-align-left elementor-widget elementor-widget-tw-sec-title\" data-id=\"62fc087\" data-element_type=\"widget\" data-widget_type=\"tw-sec-title.default\">\n\t\t\t\t<div class=\"elementor-widget-container\">\n\t\t\t                    <div class=\"subTitle sbsm\">Macana Naturel S\u0131zma<\/div>\r\n                            <h2 class=\"secTitle\">De\u011ferlerimiz<\/h2>\r\n        \t\t<\/div>\n\t\t\t\t<\/div>\n\t\t\t\t<div class=\"elementor-element elementor-element-e05899b pr_paragraphs elementor-align-left elementor-widget elementor-widget-tw-text\" data-id=\"e05899b\" data-element_type=\"widget\" data-widget_type=\"tw-text.default\">\n\t\t\t\t<div class=\"elementor-widget-container\">\n\t\t\t<p class=\"orga_paragraph \">Markam\u0131z ad\u0131n\u0131 Akhisar da buluna \u00fcnl\u00fc ta\u015f k\u00f6pr\u00fc \u2018\u2019 Macana K\u00f6pr\u00fcs\u00fc'nden almaktad\u0131r.\nMacana 18. y\u00fczy\u0131ldan bu yana zeytin hasatlar\u0131na tan\u0131kl\u0131k etmi\u015ftir.\n\u00dcr\u00fcn\u00fcm\u00fcz\u00fc yarat\u0131rken insan sa\u011fl\u0131\u011f\u0131 ve e\u015fsiz lezzeti sunmak ana odak noktam\u0131z olmu\u015ftur.\n\u201cYa\u015famda sonsuz sa\u011fl\u0131k ve lezzet\u201d slogan\u0131m\u0131z, sa\u011fl\u0131\u011f\u0131n \u00f6nemini ve e\u015fsiz lezzeti s\u00fcrd\u00fcrme taahh\u00fcd\u00fcm\u00fcz\u00fc vurgulamaktad\u0131r.<\/p>\t\t<\/div>\n\t\t\t\t<\/div>\n\t\t\t\t<div class=\"elementor-element elementor-element-f0fdd3b btn_align elementor-align-left elementor-widget elementor-widget-tw-button\" data-id=\"f0fdd3b\" data-element_type=\"widget\" data-widget_type=\"tw-button.default\">\n\t\t\t\t<div class=\"elementor-widget-container\">\n\t\t\t        <a target=&quot;_blank&quot;  rel=&quot;nofollow&quot; href=\"https:\/\/casaagroturkey.com\/?page_id=109\" class=\"organ_btn in_right\">\u0130leti\u015fim<i class=\"twi-arrow-right1\"><\/i><\/a>\r\n        \t\t<\/div>\n\t\t\t\t<\/div>\n\t\t\t\t\t<\/div>\n\t\t<\/div>\n\t\t\t\t\t\t\t<\/div>\n\t\t<\/section>\n\t\t\t\t<section class=\"elementor-section elementor-top-section elementor-element elementor-element-b8ac9ec elementor-section-boxed elementor-section-height-default elementor-section-height-default\" data-id=\"b8ac9ec\" data-element_type=\"section\">\n\t\t\t\t\t\t<div class=\"elementor-container elementor-column-gap-extended\">\n\t\t\t\t\t<div class=\"elementor-column elementor-col-100 elementor-top-column elementor-element elementor-element-0cd6f0e\" data-id=\"0cd6f0e\" data-element_type=\"column\">\n\t\t\t<div class=\"elementor-widget-wrap elementor-element-populated\">\n\t\t\t\t\t\t\t\t<div class=\"elementor-element elementor-element-0fd5c37 orga_t_align elementor-align-center elementor-widget elementor-widget-tw-sec-title\" data-id=\"0fd5c37\" data-element_type=\"widget\" data-widget_type=\"tw-sec-title.default\">\n\t\t\t\t<div class=\"elementor-widget-container\">\n\t\t\t                    <div class=\"subTitle sbsm\">Macana Naturel S\u0131zma<\/div>\r\n                            <h2 class=\"secTitle\">Sizin \u0130\u00e7in Neler \u00dcretiyoruz<\/h2>\r\n        \t\t<\/div>\n\t\t\t\t<\/div>\n\t\t\t\t<div class=\"elementor-element elementor-element-990cb54 elementor-widget elementor-widget-tw-product-categories\" data-id=\"990cb54\" data-element_type=\"widget\" data-settings=\"{&quot;_animation&quot;:&quot;none&quot;}\" data-widget_type=\"tw-product-categories.default\">\n\t\t\t\t<div class=\"elementor-widget-container\">\n\t\t\t            <div class=\"productCatSliderWrap\" \r\n            data-autoplay=\"yes\" \r\n            data-loop=\"yes\" \r\n            data-nav=\"yes\" \r\n            data-dots=\"yes\"\r\n            >\r\n           <div class=\"categorySlider owl-carousel\">\r\n                                      <a class=\"categoryBox\" href=\"\" style=\"\">\r\n                            <i class=\"hover\" style=\"\"><\/i>\r\n                            <img decoding=\"async\" src=\"https:\/\/casaagroturkey.com\/wp-content\/uploads\/2025\/07\/3000ml-u-5.jpg\" alt=\"Erken Hasat 3000 ml\">\r\n                            <h4 class=\"cate\">Erken Hasat 3000 ml<\/h4>\r\n                            <span> Items<\/span>\r\n                        <\/a>\r\n                                              <a class=\"categoryBox\" href=\"\" style=\"\">\r\n                            <i class=\"hover\" style=\"\"><\/i>\r\n                            <img decoding=\"async\" src=\"https:\/\/casaagroturkey.com\/wp-content\/uploads\/2025\/07\/3000ml-u-4.jpg\" alt=\"Erken Hasat 3000 ml\">\r\n                            <h4 class=\"cate\">Erken Hasat 3000 ml<\/h4>\r\n                            <span> Items<\/span>\r\n                        <\/a>\r\n                                              <a class=\"categoryBox\" href=\"\" style=\"\">\r\n                            <i class=\"hover\" style=\"\"><\/i>\r\n                            <img decoding=\"async\" src=\"https:\/\/casaagroturkey.com\/wp-content\/uploads\/2025\/07\/1000ml-u-2.jpg\" alt=\"Erken Hasat 1000 ml\">\r\n                            <h4 class=\"cate\">Erken Hasat 1000 ml<\/h4>\r\n                            <span> Items<\/span>\r\n                        <\/a>\r\n                                              <a class=\"categoryBox\" href=\"\" style=\"\">\r\n                            <i class=\"hover\" style=\"\"><\/i>\r\n                            <img decoding=\"async\" src=\"https:\/\/casaagroturkey.com\/wp-content\/uploads\/2025\/07\/750ml-u-3.jpg\" alt=\"Erken Hasat 750 ml\">\r\n                            <h4 class=\"cate\">Erken Hasat 750 ml<\/h4>\r\n                            <span> Items<\/span>\r\n                        <\/a>\r\n                                              <a class=\"categoryBox\" href=\"https:\/\/casaagroturkey.com\/?page_id=13\" style=\"\">\r\n                            <i class=\"hover\" style=\"\"><\/i>\r\n                            <img decoding=\"async\" src=\"https:\/\/casaagroturkey.com\/wp-content\/uploads\/2023\/05\/1lt-U.png\" alt=\"Erken Hasat 1000 ml\">\r\n                            <h4 class=\"cate\">Erken Hasat 1000 ml<\/h4>\r\n                            <span> Items<\/span>\r\n                        <\/a>\r\n                                              <a class=\"categoryBox\" href=\"https:\/\/casaagroturkey.com\/?page_id=13\" style=\"\">\r\n                            <i class=\"hover\" style=\"\"><\/i>\r\n                            <img decoding=\"async\" src=\"https:\/\/casaagroturkey.com\/wp-content\/uploads\/2023\/05\/750ml-u.png\" alt=\"Erken Hasat 750 ml\">\r\n                            <h4 class=\"cate\">Erken Hasat 750 ml<\/h4>\r\n                            <span> Items<\/span>\r\n                        <\/a>\r\n                                              <a class=\"categoryBox\" href=\"https:\/\/casaagroturkey.com\/?page_id=13\" style=\"\">\r\n                            <i class=\"hover\" style=\"\"><\/i>\r\n                            <img decoding=\"async\" src=\"https:\/\/casaagroturkey.com\/wp-content\/uploads\/2023\/05\/500ml-u.png\" alt=\"Erken Hasat 500 ml\">\r\n                            <h4 class=\"cate\">Erken Hasat 500 ml<\/h4>\r\n                            <span> Items<\/span>\r\n                        <\/a>\r\n                                              <a class=\"categoryBox\" href=\"https:\/\/casaagroturkey.com\/?page_id=13\" style=\"\">\r\n                            <i class=\"hover\" style=\"\"><\/i>\r\n                            <img decoding=\"async\" src=\"https:\/\/casaagroturkey.com\/wp-content\/uploads\/2023\/05\/250ml-u.png\" alt=\"Erken Hasat 250 ml\">\r\n                            <h4 class=\"cate\">Erken Hasat 250 ml<\/h4>\r\n                            <span> Items<\/span>\r\n                        <\/a>\r\n                                  <\/div>\r\n       <\/div>\r\n    \t\t<\/div>\n\t\t\t\t<\/div>\n\t\t\t\t\t<\/div>\n\t\t<\/div>\n\t\t\t\t\t\t\t<\/div>\n\t\t<\/section>\n\t\t\t\t<section class=\"elementor-section elementor-top-section elementor-element elementor-element-c28a993 elementor-section-boxed elementor-section-height-default elementor-section-height-default\" data-id=\"c28a993\" data-element_type=\"section\" data-settings=\"{&quot;background_background&quot;:&quot;classic&quot;}\" data-e-bg-lazyload=\"\">\n\t\t\t\t\t\t<div class=\"elementor-container elementor-column-gap-extended\">\n\t\t\t\t\t<div class=\"elementor-column elementor-col-50 elementor-top-column elementor-element elementor-element-8d3f1c8\" data-id=\"8d3f1c8\" data-element_type=\"column\">\n\t\t\t<div class=\"elementor-widget-wrap elementor-element-populated\">\n\t\t\t\t\t\t\t\t<div class=\"elementor-element elementor-element-e0df87c elementor-widget elementor-widget-tw-about-image\" data-id=\"e0df87c\" data-element_type=\"widget\" data-widget_type=\"tw-about-image.default\">\n\t\t\t\t<div class=\"elementor-widget-container\">\n\t\t\t        <div class=\"abThumb  text-left\">\r\n                                        <img decoding=\"async\" src=\"https:\/\/casaagroturkey.com\/wp-content\/uploads\/2023\/04\/hasat_t.jpg\" alt=\"Front Image\">\r\n                    <\/div>\r\n        \t\t<\/div>\n\t\t\t\t<\/div>\n\t\t\t\t\t<\/div>\n\t\t<\/div>\n\t\t\t\t<div class=\"elementor-column elementor-col-50 elementor-top-column elementor-element elementor-element-c234391\" data-id=\"c234391\" data-element_type=\"column\">\n\t\t\t<div class=\"elementor-widget-wrap elementor-element-populated\">\n\t\t\t\t\t\t\t\t<div class=\"elementor-element elementor-element-647ebf5 orga_t_align elementor-align-left elementor-widget elementor-widget-tw-sec-title\" data-id=\"647ebf5\" data-element_type=\"widget\" data-widget_type=\"tw-sec-title.default\">\n\t\t\t\t<div class=\"elementor-widget-container\">\n\t\t\t                    <div class=\"subTitle sbsm\">Macana Bah\u00e7eleri<\/div>\r\n                            <h2 class=\"secTitle\">Ya\u015famda sonsuz sa\u011fl\u0131k ve lezzet...<\/h2>\r\n        \t\t<\/div>\n\t\t\t\t<\/div>\n\t\t\t\t<div class=\"elementor-element elementor-element-67a7756 elementor-widget__width-initial elementor-widget elementor-widget-text-editor\" data-id=\"67a7756\" data-element_type=\"widget\" data-widget_type=\"text-editor.default\">\n\t\t\t\t<div class=\"elementor-widget-container\">\n\t\t\t<style>\/*! elementor - v3.12.1 - 02-04-2023 *\/\n.elementor-widget-text-editor.elementor-drop-cap-view-stacked .elementor-drop-cap{background-color:#69727d;color:#fff}.elementor-widget-text-editor.elementor-drop-cap-view-framed .elementor-drop-cap{color:#69727d;border:3px solid;background-color:transparent}.elementor-widget-text-editor:not(.elementor-drop-cap-view-default) .elementor-drop-cap{margin-top:8px}.elementor-widget-text-editor:not(.elementor-drop-cap-view-default) .elementor-drop-cap-letter{width:1em;height:1em}.elementor-widget-text-editor .elementor-drop-cap{float:left;text-align:center;line-height:1;font-size:50px}.elementor-widget-text-editor .elementor-drop-cap-letter{display:inline-block}<\/style>\t\t\t\t<p class=\"p1\">T\u00fcrkiye nin bat\u0131s\u0131nda, Ege b\u00f6lgesinin kalbinde yer alan ailemiz taraf\u0131ndan i\u015fletilen zeytinli\u011fimizde yaln\u0131zca kendimizin yeti\u015ftirdi\u011fi en kaliteli zeytinler kullan\u0131lmaktad\u0131r.<\/p><p class=\"p2\">Macana zeytinya\u011flar\u0131, Akhisar &#8216;daki bah\u00e7elerde toplam 17.000 zeytin a\u011fac\u0131ndan toplanan zeytinlerden s\u0131k\u0131larak elde edilir.<\/p><p class=\"p3\">Akhisar\u2019da 600 metre y\u00fckseklikte yeti\u015fen Trilye, Domat ve Uslu \u00e7e\u015fidi zeytinler,<span class=\"Apple-converted-space\">\u00a0 <\/span>toprak yap\u0131s\u0131, iklim ko\u015fullar\u0131 ve \u00e7evresinde yer alan a\u011fa\u00e7 \u00e7e\u015fitlili\u011fi nedeni ile y\u00fcksek polifenol ve yo\u011fun aromaya sahip zeytinya\u011flar\u0131 vermektedir.<\/p>\t\t\t\t\t\t<\/div>\n\t\t\t\t<\/div>\n\t\t\t\t\t<\/div>\n\t\t<\/div>\n\t\t\t\t\t\t\t<\/div>\n\t\t<\/section>\n\t\t\t\t<section class=\"elementor-section elementor-top-section elementor-element elementor-element-5c9d5c5 elementor-section-boxed elementor-section-height-default elementor-section-height-default\" data-id=\"5c9d5c5\" data-element_type=\"section\" data-settings=\"{&quot;background_background&quot;:&quot;classic&quot;}\" data-e-bg-lazyload=\"\">\n\t\t\t\t\t\t<div class=\"elementor-container elementor-column-gap-extended\">\n\t\t\t\t\t<div class=\"elementor-column elementor-col-50 elementor-top-column elementor-element elementor-element-f4bf165\" data-id=\"f4bf165\" data-element_type=\"column\">\n\t\t\t<div class=\"elementor-widget-wrap elementor-element-populated\">\n\t\t\t\t\t\t\t\t<div class=\"elementor-element elementor-element-3fcdce9 orga_t_align elementor-align-left elementor-widget elementor-widget-tw-sec-title\" data-id=\"3fcdce9\" data-element_type=\"widget\" data-widget_type=\"tw-sec-title.default\">\n\t\t\t\t<div class=\"elementor-widget-container\">\n\t\t\t                    <div class=\"subTitle sbsm\">Macana Nas\u0131l \u00dcretiyoruz<\/div>\r\n                            <h2 class=\"secTitle\">\u0130\u015fimizi \u00e7ok ciddiye al\u0131yoruz...<\/h2>\r\n        \t\t<\/div>\n\t\t\t\t<\/div>\n\t\t\t\t<div class=\"elementor-element elementor-element-947fa88 elementor-widget__width-initial elementor-widget elementor-widget-text-editor\" data-id=\"947fa88\" data-element_type=\"widget\" data-widget_type=\"text-editor.default\">\n\t\t\t\t<div class=\"elementor-widget-container\">\n\t\t\t\t\t\t\t<p class=\"p1\">Kalitemizi ve e\u015fsiz lezzetimizi korumak ve devaml\u0131l\u0131\u011f\u0131n\u0131 sa\u011flamak bizim i\u00e7in \u00e7ok \u00f6nemli oldu\u011fundan t\u00fcm \u00fcretim s\u00fcrecini \u00e7ok s\u0131k\u0131 takip ediyoruz. \u00c7evresel s\u00fcrd\u00fcr\u00fclebilirlik ve do\u011fam\u0131z\u0131 korumak konusundaki sorumluluklar\u0131m\u0131z\u0131n bilincindeyiz.\u00a0<\/p><p class=\"p1\">Zeytinlikler, do\u011faya zarar vermeyen damlama y\u00f6ntemiyle sadece ihtiya\u00e7 duydu\u011fu kadar sulan\u0131r. \u00dcretimimizde iki fazl\u0131, \u00e7evre dostu sistem kullan\u0131yoruz. Zeytin hamuruna &#8220;su eklemeden&#8221; \u00fcretim yap\u0131yoruz, b\u00f6ylece karasu olu\u015fmuyor<\/p><p class=\"p1\">Kat\u0131 haldeki pirinam\u0131z\u0131 ise geri d\u00f6n\u00fc\u015f\u00fcm tesislerine g\u00f6ndererek bu \u00fcr\u00fcn\u00fcn yak\u0131t haline getirilmesine katk\u0131da bulunuyoruz.<\/p><p class=\"p3\">Bah\u00e7elerimizin \u00fcr\u00fcnlerini Ekim ba\u015f\u0131nda erken hasat d\u00f6neminde elle topluyor, kendi tesisimizde hi\u00e7 bekletmeden so\u011fuk s\u0131k\u0131m y\u00f6ntemiyle i\u015fliyor ve <span class=\"Apple-converted-space\">\u00a0 <\/span>zeytinya\u011f\u0131m\u0131z\u0131 \u00f6zel so\u011futulmu\u015f \u00e7elik tanklarda oksijenle temas\u0131n\u0131 tamamen keserek t\u00fcm tazeli\u011fi ile koruyoruz<span class=\"s1\">. <\/span><\/p>\t\t\t\t\t\t<\/div>\n\t\t\t\t<\/div>\n\t\t\t\t\t<\/div>\n\t\t<\/div>\n\t\t\t\t<div class=\"elementor-column elementor-col-50 elementor-top-column elementor-element elementor-element-e9f2c30\" data-id=\"e9f2c30\" data-element_type=\"column\">\n\t\t\t<div class=\"elementor-widget-wrap elementor-element-populated\">\n\t\t\t\t\t\t\t\t<div class=\"elementor-element elementor-element-9991086 elementor-widget elementor-widget-tw-about-image\" data-id=\"9991086\" data-element_type=\"widget\" data-settings=\"{&quot;_animation&quot;:&quot;none&quot;}\" data-widget_type=\"tw-about-image.default\">\n\t\t\t\t<div class=\"elementor-widget-container\">\n\t\t\t        <div class=\"abThumb  text-left\">\r\n                                        <img decoding=\"async\" src=\"https:\/\/casaagroturkey.com\/wp-content\/uploads\/2025\/08\/macana-7.jpeg\" alt=\"Front Image\">\r\n                    <\/div>\r\n        \t\t<\/div>\n\t\t\t\t<\/div>\n\t\t\t\t\t<\/div>\n\t\t<\/div>\n\t\t\t\t\t\t\t<\/div>\n\t\t<\/section>\n\t\t\t\t<section class=\"elementor-section elementor-top-section elementor-element elementor-element-8e77199 elementor-hidden-widescreen elementor-hidden-desktop elementor-hidden-tablet elementor-hidden-mobile elementor-section-boxed elementor-section-height-default elementor-section-height-default\" data-id=\"8e77199\" data-element_type=\"section\">\n\t\t\t\t\t\t<div class=\"elementor-container elementor-column-gap-extended\">\n\t\t\t\t\t<div class=\"elementor-column elementor-col-100 elementor-top-column elementor-element elementor-element-971b161\" data-id=\"971b161\" data-element_type=\"column\">\n\t\t\t<div class=\"elementor-widget-wrap elementor-element-populated\">\n\t\t\t\t\t\t\t\t<section class=\"elementor-section elementor-inner-section elementor-element elementor-element-f2c9f9d elementor-section-full_width elementor-section-height-default elementor-section-height-default\" data-id=\"f2c9f9d\" data-element_type=\"section\" data-settings=\"{&quot;background_background&quot;:&quot;classic&quot;}\" data-e-bg-lazyload=\"\">\n\t\t\t\t\t\t<div class=\"elementor-container elementor-column-gap-no\">\n\t\t\t\t\t<div class=\"elementor-column elementor-col-50 elementor-inner-column elementor-element elementor-element-31ba36a\" data-id=\"31ba36a\" data-element_type=\"column\">\n\t\t\t<div class=\"elementor-widget-wrap elementor-element-populated\">\n\t\t\t\t\t\t\t\t<div class=\"elementor-element elementor-element-30e70be orga_t_align elementor-align-left orga_t_align elementor-mobile-align-center elementor-widget elementor-widget-tw-sec-title\" data-id=\"30e70be\" data-element_type=\"widget\" data-widget_type=\"tw-sec-title.default\">\n\t\t\t\t<div class=\"elementor-widget-container\">\n\t\t\t                    <div class=\"subTitle sbsm\">Don\u2019t Miss Our Deals.<\/div>\r\n                            <h2 class=\"secTitle\">EXCLUSIVE OFFERS &amp; SALE<\/h2>\r\n        \t\t<\/div>\n\t\t\t\t<\/div>\n\t\t\t\t<div class=\"elementor-element elementor-element-af3ae95 pr_paragraphs elementor-align-left pr_paragraphs elementor-mobile-align-center elementor-widget elementor-widget-tw-text\" data-id=\"af3ae95\" data-element_type=\"widget\" data-widget_type=\"tw-text.default\">\n\t\t\t\t<div class=\"elementor-widget-container\">\n\t\t\t<p class=\"orga_paragraph \">Sign up and get a voucher of worth $250.00<\/p>\t\t<\/div>\n\t\t\t\t<\/div>\n\t\t\t\t\t<\/div>\n\t\t<\/div>\n\t\t\t\t<div class=\"elementor-column elementor-col-50 elementor-inner-column elementor-element elementor-element-a4ff9e7\" data-id=\"a4ff9e7\" data-element_type=\"column\">\n\t\t\t<div class=\"elementor-widget-wrap elementor-element-populated\">\n\t\t\t\t\t\t\t\t<div class=\"elementor-element elementor-element-6119ded mail_form elementor-align-center elementor-widget elementor-widget-tw-mailchimp\" data-id=\"6119ded\" data-element_type=\"widget\" data-widget_type=\"tw-mailchimp.default\">\n\t\t\t\t<div class=\"elementor-widget-container\">\n\t\t\t<div class=\"SubsrcribeForm btn_position\">\n\t<section id=\"yikes-mailchimp-container-1\" class=\"yikes-mailchimp-container yikes-mailchimp-container-1 \">\n\t\t\t\t<form id=\"mailchimp-01-1\" class=\"yikes-easy-mc-form yikes-easy-mc-form-1  \" method=\"POST\" data-attr-form-id=\"1\">\n\n\t\t\t\t\t\t\t\t\t\t\t\t\t<label for=\"yikes-easy-mc-form-1-EMAIL\"  class=\"EMAIL-label yikes-mailchimp-field-required \">\n\n\t\t\t\t\t\t\t\t\t\t<!-- dictate label visibility -->\n\t\t\t\t\t\t\t\t\t\t\n\t\t\t\t\t\t\t\t\t\t<!-- Description Above -->\n\t\t\t\t\t\t\t\t\t\t\n\t\t\t\t\t\t\t\t\t\t<input id=\"yikes-easy-mc-form-1-EMAIL\"  name=\"EMAIL\"  placeholder=\"Email Address\"  class=\"yikes-easy-mc-email field-no-label\"  required=\"required\" type=\"email\"  value=\"\">\n\n\t\t\t\t\t\t\t\t\t\t<!-- Description Below -->\n\t\t\t\t\t\t\t\t\t\t\n\t\t\t\t\t\t\t\t\t<\/label>\n\t\t\t\t\t\t\t\t\t\n\t\t\t\t<!-- Honeypot Trap -->\n\t\t\t\t<input type=\"hidden\" name=\"yikes-mailchimp-honeypot\" id=\"yikes-mailchimp-honeypot-1\" value=\"\">\n\n\t\t\t\t<!-- List ID -->\n\t\t\t\t<input type=\"hidden\" name=\"yikes-mailchimp-associated-list-id\" id=\"yikes-mailchimp-associated-list-id-1\" value=\"8f1f8fe17b\">\n\n\t\t\t\t<!-- The form that is being submitted! Used to display error\/success messages above the correct form -->\n\t\t\t\t<input type=\"hidden\" name=\"yikes-mailchimp-submitted-form\" id=\"yikes-mailchimp-submitted-form-1\" value=\"1\">\n\n\t\t\t\t<!-- Submit Button -->\n\t\t\t\t<button type=\"submit\" class=\"yikes-easy-mc-submit-button yikes-easy-mc-submit-button-1 btn btn-primary \"> <span class=\"yikes-mailchimp-submit-button-span-text\">Subsrcribe Now<\/span><\/button>\t\t\t\t<!-- Nonce Security Check -->\n\t\t\t\t<input type=\"hidden\" id=\"yikes_easy_mc_new_subscriber_1\" name=\"yikes_easy_mc_new_subscriber\" value=\"f5cbcad29f\">\n\t\t\t\t<input type=\"hidden\" name=\"_wp_http_referer\" value=\"\/index.php?rest_route=%2Fwp%2Fv2%2Fpages%2F430\" \/>\n\t\t\t<\/form>\n\t\t\t<!-- Mailchimp Form generated by Easy Forms for Mailchimp v6.8.8 (https:\/\/wordpress.org\/plugins\/yikes-inc-easy-mailchimp-extender\/) -->\n\n\t\t\t<\/section>\n\t<\/div>\t\t<\/div>\n\t\t\t\t<\/div>\n\t\t\t\t\t<\/div>\n\t\t<\/div>\n\t\t\t\t\t\t\t<\/div>\n\t\t<\/section>\n\t\t\t\t\t<\/div>\n\t\t<\/div>\n\t\t\t\t\t\t\t<\/div>\n\t\t<\/section>\n\t\t\t\t\t\t\t<\/div>\n\t\t","protected":false},"excerpt":{"rendered":"<p>Macana Naturel S\u0131zma De\u011ferlerimiz Markam\u0131z ad\u0131n\u0131 Akhisar da buluna \u00fcnl\u00fc ta\u015f k\u00f6pr\u00fc \u2018\u2019 Macana K\u00f6pr\u00fcs\u00fc&#8217;nden almaktad\u0131r. Macana 18. y\u00fczy\u0131ldan bu yana zeytin hasatlar\u0131na tan\u0131kl\u0131k etmi\u015ftir. \u00dcr\u00fcn\u00fcm\u00fcz\u00fc yarat\u0131rken insan sa\u011fl\u0131\u011f\u0131 ve e\u015fsiz lezzeti sunmak ana odak noktam\u0131z olmu\u015ftur. \u201cYa\u015famda sonsuz sa\u011fl\u0131k ve lezzet\u201d slogan\u0131m\u0131z, sa\u011fl\u0131\u011f\u0131n \u00f6nemini ve e\u015fsiz lezzeti s\u00fcrd\u00fcrme taahh\u00fcd\u00fcm\u00fcz\u00fc vurgulamaktad\u0131r. \u0130leti\u015fim Macana Naturel S\u0131zma [&hellip;]<\/p>\n","protected":false},"author":1,"featured_media":0,"parent":0,"menu_order":0,"comment_status":"closed","ping_status":"closed","template":"","meta":{"footnotes":""},"class_list":["post-430","page","type-page","status-publish","hentry"],"_links":{"self":[{"href":"https:\/\/casaagroturkey.com\/index.php?rest_route=\/wp\/v2\/pages\/430","targetHints":{"allow":["GET"]}}],"collection":[{"href":"https:\/\/casaagroturkey.com\/index.php?rest_route=\/wp\/v2\/pages"}],"about":[{"href":"https:\/\/casaagroturkey.com\/index.php?rest_route=\/wp\/v2\/types\/page"}],"author":[{"embeddable":true,"href":"https:\/\/casaagroturkey.com\/index.php?rest_route=\/wp\/v2\/users\/1"}],"replies":[{"embeddable":true,"href":"https:\/\/casaagroturkey.com\/index.php?rest_route=%2Fwp%2Fv2%2Fcomments&post=430"}],"version-history":[{"count":98,"href":"https:\/\/casaagroturkey.com\/index.php?rest_route=\/wp\/v2\/pages\/430\/revisions"}],"predecessor-version":[{"id":4916,"href":"https:\/\/casaagroturkey.com\/index.php?rest_route=\/wp\/v2\/pages\/430\/revisions\/4916"}],"wp:attachment":[{"href":"https:\/\/casaagroturkey.com\/index.php?rest_route=%2Fwp%2Fv2%2Fmedia&parent=430"}],"curies":[{"name":"wp","href":"https:\/\/api.w.org\/{rel}","templated":true}]}}